{"id":42,"date":"2020-04-02T07:30:57","date_gmt":"2020-04-02T07:30:57","guid":{"rendered":"http:\/\/wbow.de\/?page_id=42"},"modified":"2020-12-30T17:38:09","modified_gmt":"2020-12-30T17:38:09","slug":"home","status":"publish","type":"page","link":"http:\/\/wbow.de\/","title":{"rendered":"Startseite"},"content":{"rendered":"\n<pre class=\"wp-block-preformatted\">&nbsp;<\/pre>\n\n\n\n<figure class=\"wp-block-pullquote\"><blockquote><p>Die Freiheit in eigener Verantwortung Risiken einzugehen, anstatt immer nur auf Nummer sicher zu gehen und nichts Neues zu wagen.<\/p><cite>Virginia Satir<\/cite><\/blockquote><\/figure>\n\n\n\n<div class=\"wp-block-columns is-layout-flex wp-container-core-columns-layout-1 wp-block-columns-is-layout-flex\"><\/div>\n\n\n\n<div class=\"wp-block-group alignwide\"><div class=\"wp-block-group__inner-container is-layout-flow wp-block-group-is-layout-flow\">\n<div class=\"wp-block-columns alignwide is-layout-flex wp-container-core-columns-layout-2 wp-block-columns-is-layout-flex\">\n<div class=\"wp-block-column is-layout-flow wp-block-column-is-layout-flow\">\n<p>Die Freiheit zu meinen Gef\u00fchlen zu stehen, und nicht etwas anderes vorzut\u00e4uschen.<\/p>\n\n\n\n<div class=\"wp-block-buttons is-layout-flex wp-block-buttons-is-layout-flex\">\n<div class=\"wp-block-button is-style-outline\"><a class=\"wp-block-button__link has-text-color\" style=\"border-radius:50px;color:#ba0c49\">Beratung<\/a><\/div>\n<\/div>\n<\/div>\n\n\n\n<div class=\"wp-block-column is-layout-flow wp-block-column-is-layout-flow\">\n<p>Die Freiheit das auszusprechen, was ich wirklich f\u00fchle und denke, und nicht das, was von mir erwartet wird.<\/p>\n\n\n\n<div class=\"wp-block-buttons is-layout-flex wp-block-buttons-is-layout-flex\">\n<div class=\"wp-block-button is-style-outline\"><a class=\"wp-block-button__link has-text-color\" style=\"border-radius:50px;color:#ba0c49\">Supervision<\/a><\/div>\n<\/div>\n<\/div>\n\n\n\n<div class=\"wp-block-column is-layout-flow wp-block-column-is-layout-flow\">\n<p>Die Freiheit zu sehen und zu h\u00f6ren was im Moment wirklich da ist, anstatt was sein sollte, gewesen ist oder erst sein wird.<\/p>\n\n\n\n<div class=\"wp-block-buttons is-layout-flex wp-block-buttons-is-layout-flex\">\n<div class=\"wp-block-button is-style-outline\"><a class=\"wp-block-button__link has-text-color\" style=\"border-radius:50px;color:#ba0c49\">Weiterbildung<\/a><\/div>\n<\/div>\n<\/div>\n<\/div>\n<\/div><\/div>\n","protected":false},"excerpt":{"rendered":"<p>&nbsp; Die Freiheit in eigener Verantwortung Risiken einzugehen, anstatt immer nur auf Nummer sicher zu gehen und nichts Neues zu wagen. Virginia Satir Die Freiheit zu meinen Gef\u00fchlen zu stehen, und nicht etwas anderes vorzut\u00e4uschen. Die Freiheit das auszusprechen, was ich wirklich f\u00fchle und denke, und nicht das, was von mir erwartet wird. Die Freiheit [&hellip;]<\/p>\n","protected":false},"author":1,"featured_media":0,"parent":0,"menu_order":0,"comment_status":"closed","ping_status":"closed","template":"","meta":{"footnotes":""},"_links":{"self":[{"href":"http:\/\/wbow.de\/index.php?rest_route=\/wp\/v2\/pages\/42"}],"collection":[{"href":"http:\/\/wbow.de\/index.php?rest_route=\/wp\/v2\/pages"}],"about":[{"href":"http:\/\/wbow.de\/index.php?rest_route=\/wp\/v2\/types\/page"}],"author":[{"embeddable":true,"href":"http:\/\/wbow.de\/index.php?rest_route=\/wp\/v2\/users\/1"}],"replies":[{"embeddable":true,"href":"http:\/\/wbow.de\/index.php?rest_route=%2Fwp%2Fv2%2Fcomments&post=42"}],"version-history":[{"count":14,"href":"http:\/\/wbow.de\/index.php?rest_route=\/wp\/v2\/pages\/42\/revisions"}],"predecessor-version":[{"id":113,"href":"http:\/\/wbow.de\/index.php?rest_route=\/wp\/v2\/pages\/42\/revisions\/113"}],"wp:attachment":[{"href":"http:\/\/wbow.de\/index.php?rest_route=%2Fwp%2Fv2%2Fmedia&parent=42"}],"curies":[{"name":"wp","href":"https:\/\/api.w.org\/{rel}","templated":true}]}}